{"id":35,"date":"2017-07-18T13:30:53","date_gmt":"2017-07-18T11:30:53","guid":{"rendered":"http:\/\/portfolio-am.de.w0182e3c.kasserver.com\/wp\/?page_id=35"},"modified":"2017-07-18T13:30:53","modified_gmt":"2017-07-18T11:30:53","slug":"portfolio-am-gmbh-historie","status":"publish","type":"page","link":"https:\/\/portfolio-am.de\/wp\/","title":{"rendered":"Portfolio-AM GmbH &#8211; Historie"},"content":{"rendered":"<p>Die Gesch\u00e4ftsf\u00fchrer der DSP-Gesellschaften (Herr Dr. Nieswiodek, Herr Kehr und Herr Kreuels) haben sich im Jahre 2012 dazu entschieden, mit der JS Holding GmbH &amp; Co. KG, Dortmund, der Holdinggesellschaft der Dr. Peters Group (nachfolgend Dr. Peters) eine langfristig angelegte inhaltliche Kooperation und Zusammenarbeit zu vereinbaren. Dabei zeigte sich vollst\u00e4ndige Interessengleichheit zwischen allen Gesellschaftern, die in der Gr\u00fcndung der DS Portfolio Holding am 10.09.2012 m\u00fcndete. Die Gr\u00fcndungsgesellschafter waren die Gesch\u00e4ftsf\u00fchrer der DSP-Gesellschaften sowie Herr J\u00fcrgen Salamon. Nach dem Ableben von Herrn Salamon haben die Erben die Gesellschaftsanteile an der DS Portfolio Holding GmbH an die JS Holding GmbH &amp; Co. KG ver\u00e4u\u00dfert, die ihre Rolle als Hauptgesellschafter bis zum 31.12.2014 wahrgenommen hat.<\/p>\n<p>Die Gesch\u00e4ftsf\u00fchrung der DS Portfolio Holding GmbH hat sich, nach Feststellung von unterschiedlichen Ansichten betreffend der zuk\u00fcnftigen strategischen Ausrichtung des Unternehmens, dazu entschlossen, die Gesellschaft mittels eines Management-buy-outs weiterzuf\u00fchren. Im Einvernehmen mit der Gesch\u00e4ftsf\u00fchrung der DS Portfolio Holding GmbH hat daher die JS Holding GmbH &amp; Co. KG ihre Gesellschaftsanteile der Gesch\u00e4ftsf\u00fchrung zum Kauf angeboten. Herr Dr. Jan-Axel Nieswiodek hat dieses Angebot angenommen und ist nun neuer Hauptgesellschafter. Die Trennung von der Dr. Peters Group erfolgte einvernehmlich zum 31.12.2014\/01.01.2015.<\/p>\n<p>Nach Abschluss des Management-buy-outs zum Jahreswechsel 2014\/2015 hat Dr. Peters ihre bisherige Gesellschafterrolle mithin aufgegeben. Im Zuge des Gesellschafterwechsels wurde die DS Portfolio Holding GmbH in \u201cPortfolio-AM GmbH\u201c umbenannt.<\/p>\n<p>Die Gesellschafter der Portfolio-AM GmbH beschlossen, zum 01.04.2015 den Sitz der Gesellschaft und deren Tochtergesellschaften nach Wiesbaden zu verlegen.<\/p>\n","protected":false},"excerpt":{"rendered":"<p>Die Gesch\u00e4ftsf\u00fchrer der DSP-Gesellschaften (Herr Dr. Nieswiodek, Herr Kehr und Herr Kreuels) haben sich im Jahre 2012 dazu entschieden, mit der JS Holding GmbH &amp; Co. KG, Dortmund, der Holdinggesellschaft der Dr. Peters Group (nachfolgend Dr. Peters) eine langfristig angelegte inhaltliche Kooperation und Zusammenarbeit zu vereinbaren. Dabei zeigte sich vollst\u00e4ndige Interessengleichheit zwischen allen Gesellschaftern, die &hellip; <\/p>\n<p class=\"link-more\"><a href=\"https:\/\/portfolio-am.de\/wp\/\" class=\"more-link\"><span class=\"screen-reader-text\">\u201ePortfolio-AM GmbH &#8211; Historie\u201c<\/span> weiterlesen<\/a><\/p>\n","protected":false},"author":2,"featured_media":0,"parent":0,"menu_order":0,"comment_status":"closed","ping_status":"closed","template":"","meta":{"footnotes":""},"class_list":["post-35","page","type-page","status-publish","hentry"],"_links":{"self":[{"href":"https:\/\/portfolio-am.de\/wp\/index.php?rest_route=\/wp\/v2\/pages\/35","targetHints":{"allow":["GET"]}}],"collection":[{"href":"https:\/\/portfolio-am.de\/wp\/index.php?rest_route=\/wp\/v2\/pages"}],"about":[{"href":"https:\/\/portfolio-am.de\/wp\/index.php?rest_route=\/wp\/v2\/types\/page"}],"author":[{"embeddable":true,"href":"https:\/\/portfolio-am.de\/wp\/index.php?rest_route=\/wp\/v2\/users\/2"}],"replies":[{"embeddable":true,"href":"https:\/\/portfolio-am.de\/wp\/index.php?rest_route=%2Fwp%2Fv2%2Fcomments&post=35"}],"version-history":[{"count":2,"href":"https:\/\/portfolio-am.de\/wp\/index.php?rest_route=\/wp\/v2\/pages\/35\/revisions"}],"predecessor-version":[{"id":37,"href":"https:\/\/portfolio-am.de\/wp\/index.php?rest_route=\/wp\/v2\/pages\/35\/revisions\/37"}],"wp:attachment":[{"href":"https:\/\/portfolio-am.de\/wp\/index.php?rest_route=%2Fwp%2Fv2%2Fmedia&parent=35"}],"curies":[{"name":"wp","href":"https:\/\/api.w.org\/{rel}","templated":true}]}}