{"id":38,"date":"2017-07-18T13:30:53","date_gmt":"2017-07-18T11:30:53","guid":{"rendered":"http:\/\/portfolio-am.de.w0182e3c.kasserver.com\/wp\/?page_id=38"},"modified":"2017-07-18T13:30:53","modified_gmt":"2017-07-18T11:30:53","slug":"dsp-realwertanleihen-i","status":"publish","type":"page","link":"https:\/\/portfolio-am.de\/wp\/?page_id=38","title":{"rendered":"DSP Realwertanleihen I"},"content":{"rendered":"<p><span class=\"ms-rteFontSize-2\">* Verm\u00f6gensanlage mit breiter Diversifizierung <\/span><\/p>\n<p><span class=\"ms-rteFontSize-2\">* Anlageerfolg der Anleger geht vor Ertragserfolg der Emittenten <\/span><\/p>\n<p><span class=\"ms-rteFontSize-2\">* Kosteng\u00fcnstiges Produkt durch R\u00fcckerstattung von Eigenkapitalvermittlungsprovisionen\u00a0 <\/span><\/p>\n<p>&nbsp;<\/p>\n<p>Das als Portfolio-Investment konzipierte Angebot investiert kosteng\u00fcnstig und breit diversifiziert in die drei Realwertsegmente Immobilien, Mobilien sowie Erneuerbare Energien bzw. Infrastruktur. Investitionsziel der Portfolio-Anlage ist es, den Anlegern eine attraktive Verzinsung der Geldanlage zwischen 5,33 % und 5,72 % p.a. zu bieten und durch eine zielgerichtete und strukturierte Mischung der Anlageklassen das Risiko zu minimieren.<\/p>\n<p>Zins- und R\u00fcckzahlungen an die Anleger haben f\u00fcr die Emittenten Priorit\u00e4t Das Konzept der DSP Realwertanleihen I unterscheidet sich anlegerfreundlich von herk\u00f6mmlichen Dachfondsstrukturen. Die Anleger erwerben gleichzeitig Namensschuldver-schreibungen von drei GmbHs, der DSP Immobilien GmbH, der DSP Mobilien GmbH und der DSP Neue Energien GmbH, die wiederum das Kapital entsprechend der vom Anleger gew\u00fcnschten Variante in die Realwertsegmente investieren. Die Investitionsquote der von Anlegern eingezahlten Gelder betr\u00e4gt rund 99 %. Damit sind die Anlaufkosten im Marktvergleich als sehr gering einzustufen. \u00dcber die Laufzeit bauen die Emittenten der DSP Realwertanleihen I \u00fcber die R\u00fcckfl\u00fcsse aus den Zielinvestments Liquidit\u00e4tspolster auf, aus denen die Zinsen und die R\u00fcckzahlung der Namensschuldverschreibungen an die Anleger geleistet werden. Sollten Zinszahlungen tempor\u00e4r nicht m\u00f6glich sein, sind diese nachzuholen. Auch dies unterscheidet das Produkt von einem Dachfonds. Erst wenn die Anleger ihre versprochene Verzinsung und ihren Einsatz erhalten haben, profitieren die Emittenten ma\u00dfgeblich von erzielten Mehrertr\u00e4gen. &#8222;Ausgewogen&#8220; oder &#8222;mit Schwerpunkt&#8220;: der Anleger entscheidet Den Anlegern stehen vier Varianten an den DSP Realwerteanleihen I zur Zeichnung offen. In der ausgewogenen Variante werden 34 % in Immobilien und jeweils 33 % in Mobilien und Erneuerbare Energien bzw. Infrastruktur investiert. M\u00f6chte der Anleger einen Schwerpunkt setzen, ist dies nach dem 60\/20\/20-Verh\u00e4ltnis m\u00f6glich. Hat ein Anleger also bereits Realwerte wie Immobilien im Portfolio, kann er diese untergewichten und den Schwerpunkt z.B. auf Mobilien legen.<\/p>\n<p>Investitionskriterien Der wesentliche Erfolgsfaktor f\u00fcr die DSP Realwertanleihen I ist das erfahrene Management-Team, das die Investitionsentscheidungen f\u00fcr Zielinvestments unabh\u00e4ngig und auf Basis eines definierten Kriterienkataloges trifft. Dar\u00fcber hinaus sind quantitative Quoten festgelegt, um Klumpenrisiken zu vermeiden. So d\u00fcrfen in ein Zielinvestment nicht mehr als 10 % der Mittel flie\u00dfen und h\u00f6chstens 20 % von Produkten eines Anbieters aufgenommen werden.<\/p>\n<p>Rahmendaten Die drei GmbHs investieren die durch die Namensschuldverschreibungen eingeworbenen Mittel der Anleger in entsprechende Zielinvestments. Das angestrebte Volumen der<\/p>\n<p>Namensschuldverschreibungen betr\u00e4gt 9,925 Millionen Euro, erweiterbar auf maximal 75 Millionen Euro. Die Mindestzeichnungssumme betr\u00e4gt 5.000 Euro. H\u00f6here Zeichnungen m\u00fcssen durch 1.000 teilbar sein. Die Platzierungsphase endet am 31.03.2015 oder sobald die maximale Zeichnungssumme erreicht wurde. Die angestrebte Laufzeit betr\u00e4gt ca. zehn Jahre ab dem Platzierungsende. Es wird ein Agio in H\u00f6he von 3 % auf die Zeichnungssumme erhoben. Anbieter Anbieter der Verm\u00f6gensanlage ist die DS Portfolio Konzept GmbH, eine Tochtergesellschaft der Portfolio-AM GmbH.<\/p>\n<p>Rechtlicher Hinweis Diese Mitteilung dient nur der Information und stellt weder ein Angebot noch eine Aufforderung zu einem Angebot dar, die DSP Realwertanleihen I zu zeichnen. Allein verbindliche Entscheidungsgrundlage f\u00fcr den Kauf der DSP Realwertanleihen I ist der jeweilige Verkaufsprospekt mit allf\u00e4lligen Prospektnachtr\u00e4gen, dem die genauen Informationen \u2013 insbesondere auch zu den mit dem Erwerb der Namensschuldverschreibungen verbundenen Risiken \u2013 entnommen werden k\u00f6nnen. Diese Mitteilung wurde mit Sorgfalt erstellt, erhebt jedoch keinen Anspruch auf Vollst\u00e4ndigkeit und Richtigkeit. \u00c4nderungen und Irrt\u00fcmer bleiben daher vorbehalten. Die Mitteilung darf nicht, insbesondere nicht ohne den Verkaufsprospekt und die Verm\u00f6gensanlagen-Informationsbl\u00e4tter, zur Ansprache f\u00fcr Endkunden von Wertpapierdienstleistungsunternehmen oder Finanzanlagenvermittlern genutzt werden. Ferner darf die Mitteilung nicht vervielf\u00e4ltigt und\/oder an die Presse oder andere Medien ohne ausdr\u00fcckliche Genehmigung der DS Portfolio Konzept GmbH gegeben werden.<\/p>\n","protected":false},"excerpt":{"rendered":"<p>* Verm\u00f6gensanlage mit breiter Diversifizierung * Anlageerfolg der Anleger geht vor Ertragserfolg der Emittenten * Kosteng\u00fcnstiges Produkt durch R\u00fcckerstattung von Eigenkapitalvermittlungsprovisionen\u00a0 &nbsp; Das als Portfolio-Investment konzipierte Angebot investiert kosteng\u00fcnstig und breit diversifiziert in die drei Realwertsegmente Immobilien, Mobilien sowie Erneuerbare Energien bzw. Infrastruktur. Investitionsziel der Portfolio-Anlage ist es, den Anlegern eine attraktive Verzinsung der Geldanlage &hellip; <\/p>\n<p class=\"link-more\"><a href=\"https:\/\/portfolio-am.de\/wp\/?page_id=38\" class=\"more-link\"><span class=\"screen-reader-text\">\u201eDSP Realwertanleihen I\u201c<\/span> weiterlesen<\/a><\/p>\n","protected":false},"author":2,"featured_media":0,"parent":0,"menu_order":0,"comment_status":"closed","ping_status":"closed","template":"","meta":{"footnotes":""},"class_list":["post-38","page","type-page","status-publish","hentry"],"_links":{"self":[{"href":"https:\/\/portfolio-am.de\/wp\/index.php?rest_route=\/wp\/v2\/pages\/38","targetHints":{"allow":["GET"]}}],"collection":[{"href":"https:\/\/portfolio-am.de\/wp\/index.php?rest_route=\/wp\/v2\/pages"}],"about":[{"href":"https:\/\/portfolio-am.de\/wp\/index.php?rest_route=\/wp\/v2\/types\/page"}],"author":[{"embeddable":true,"href":"https:\/\/portfolio-am.de\/wp\/index.php?rest_route=\/wp\/v2\/users\/2"}],"replies":[{"embeddable":true,"href":"https:\/\/portfolio-am.de\/wp\/index.php?rest_route=%2Fwp%2Fv2%2Fcomments&post=38"}],"version-history":[{"count":2,"href":"https:\/\/portfolio-am.de\/wp\/index.php?rest_route=\/wp\/v2\/pages\/38\/revisions"}],"predecessor-version":[{"id":40,"href":"https:\/\/portfolio-am.de\/wp\/index.php?rest_route=\/wp\/v2\/pages\/38\/revisions\/40"}],"wp:attachment":[{"href":"https:\/\/portfolio-am.de\/wp\/index.php?rest_route=%2Fwp%2Fv2%2Fmedia&parent=38"}],"curies":[{"name":"wp","href":"https:\/\/api.w.org\/{rel}","templated":true}]}}