{"id":43,"date":"2017-07-18T13:30:53","date_gmt":"2017-07-18T11:30:53","guid":{"rendered":"http:\/\/portfolio-am.de.w0182e3c.kasserver.com\/wp\/?page_id=43"},"modified":"2017-07-18T13:30:53","modified_gmt":"2017-07-18T11:30:53","slug":"impressum","status":"publish","type":"page","link":"https:\/\/portfolio-am.de\/wp\/?page_id=43","title":{"rendered":"Impressum"},"content":{"rendered":"<p>Portfolio-AM GmbH<\/p>\n<p>Anschrift: Nicolaistra\u00dfe 26, 65193 Wiesbaden<\/p>\n<p>Telefon: +49 (0)611-5280308<\/p>\n<p>Telefax: +49 (0)611-526744<\/p>\n<p>E-Mail:\u00a0\u00a0\u00a0\u00a0 <a href=\"mailto:info@portfolio-am.de\">info@portfolio-am.de<\/a><\/p>\n<p>Internet:\u00a0\u00a0\u00a0 <a href=\"http:\/\/www.portfolio-am.de\/\">www.portfolio-am.de<\/a><\/p>\n<p>Gesch\u00e4ftsf\u00fchrer: Dr. Jan-Axel Nieswiodek<\/p>\n<p>Handelsregister Amtsgericht Wiesbaden, HRB 28383<\/p>\n<p>USt-IdNr. DE 285376737<\/p>\n<p>Produktgeber: PAM Konzept GmbH<\/p>\n<p>\u200b<\/p>\n<p><strong>Rechtliche Hinweise<\/strong><\/p>\n<p>Portfolio-AM pr\u00fcft und aktualisiert regelm\u00e4\u00dfig die Informationen auf ihrer Internetseite. Trotz aller Sorgfalt k\u00f6nnen sich die Daten inzwischen ver\u00e4ndert haben. Eine Haftung oder Garantie f\u00fcr die Aktualit\u00e4t, Richtigkeit und Vollst\u00e4ndigkeit der zur Verf\u00fcgung gestellten Informationen kann daher nicht \u00fcbernommen werden. Aufbau und Inhalt der Internetseite von Portfolio-AM sind urheberrechtlich gesch\u00fctzt. Die Vervielf\u00e4ltigung von Informationen oder Daten, insbesondere die Verwendung von Texten, Textteilen oder Bildmaterial, bedarf der vorherigen Zustimmung von Portfolio-AM. Zudem beh\u00e4lt sich Portfolio-AM ausdr\u00fccklich vor, einzelne Seiten oder s\u00e4mtliche bereitgestellten Informationen ohne vorhergehende Ank\u00fcndigung zu ver\u00e4ndern, zu erg\u00e4nzen, zu l\u00f6schen oder auf bestimmte Zeit oder auch endg\u00fcltig einzustellen.<\/p>\n<p>Die Angaben zu den Verm\u00f6gensanlagen und Beteiligungen von Portfolio-AM und ihrer Tochtergesellschaften sind verk\u00fcrzt dargestellt und stellen kein \u00f6ffentliches Angebot dar. Ma\u00dfgeblich ist ausschlie\u00dflich der jeweils g\u00fcltige, von der BaFin gestattete Verkaufsprospekt einschlie\u00dflich s\u00e4mtlicher Nachtr\u00e4ge, aus denen Sie alle wirtschaftlichen, steuerlichen und rechtlichen Einzelheiten entnehmen k\u00f6nnen. Den jeweils aktuellen Verkaufsprospekt sowie s\u00e4mtliche Nachtr\u00e4ge zum Verkaufsprospekt finden Sie auf dieser Homepage unter \u201eDownloads\u201c.<\/p>\n<p>Der Nutzung von im Rahmen der Impressumspflicht ver\u00f6ffentlichten Kontaktdaten durch Dritte zur \u00dcbersendung von nicht ausdr\u00fccklich angeforderter Werbung und Informationsmaterialien wird hiermit ausdr\u00fccklich widersprochen. Portfolio-AM beh\u00e4lt sich ausdr\u00fccklich rechtliche Schritte im Falle der unverlangten Zusendung von Werbeinformationen vor.<\/p>\n","protected":false},"excerpt":{"rendered":"<p>Portfolio-AM GmbH Anschrift: Nicolaistra\u00dfe 26, 65193 Wiesbaden Telefon: +49 (0)611-5280308 Telefax: +49 (0)611-526744 E-Mail:\u00a0\u00a0\u00a0\u00a0 info@portfolio-am.de Internet:\u00a0\u00a0\u00a0 www.portfolio-am.de Gesch\u00e4ftsf\u00fchrer: Dr. Jan-Axel Nieswiodek Handelsregister Amtsgericht Wiesbaden, HRB 28383 USt-IdNr. DE 285376737 Produktgeber: PAM Konzept GmbH \u200b Rechtliche Hinweise Portfolio-AM pr\u00fcft und aktualisiert regelm\u00e4\u00dfig die Informationen auf ihrer Internetseite. Trotz aller Sorgfalt k\u00f6nnen sich die Daten inzwischen ver\u00e4ndert &hellip; <\/p>\n<p class=\"link-more\"><a href=\"https:\/\/portfolio-am.de\/wp\/?page_id=43\" class=\"more-link\"><span class=\"screen-reader-text\">\u201eImpressum\u201c<\/span> weiterlesen<\/a><\/p>\n","protected":false},"author":2,"featured_media":0,"parent":0,"menu_order":0,"comment_status":"closed","ping_status":"closed","template":"","meta":{"footnotes":""},"class_list":["post-43","page","type-page","status-publish","hentry"],"_links":{"self":[{"href":"https:\/\/portfolio-am.de\/wp\/index.php?rest_route=\/wp\/v2\/pages\/43","targetHints":{"allow":["GET"]}}],"collection":[{"href":"https:\/\/portfolio-am.de\/wp\/index.php?rest_route=\/wp\/v2\/pages"}],"about":[{"href":"https:\/\/portfolio-am.de\/wp\/index.php?rest_route=\/wp\/v2\/types\/page"}],"author":[{"embeddable":true,"href":"https:\/\/portfolio-am.de\/wp\/index.php?rest_route=\/wp\/v2\/users\/2"}],"replies":[{"embeddable":true,"href":"https:\/\/portfolio-am.de\/wp\/index.php?rest_route=%2Fwp%2Fv2%2Fcomments&post=43"}],"version-history":[{"count":2,"href":"https:\/\/portfolio-am.de\/wp\/index.php?rest_route=\/wp\/v2\/pages\/43\/revisions"}],"predecessor-version":[{"id":47,"href":"https:\/\/portfolio-am.de\/wp\/index.php?rest_route=\/wp\/v2\/pages\/43\/revisions\/47"}],"wp:attachment":[{"href":"https:\/\/portfolio-am.de\/wp\/index.php?rest_route=%2Fwp%2Fv2%2Fmedia&parent=43"}],"curies":[{"name":"wp","href":"https:\/\/api.w.org\/{rel}","templated":true}]}}