{"id":45,"date":"2017-07-18T13:30:53","date_gmt":"2017-07-18T11:30:53","guid":{"rendered":"http:\/\/portfolio-am.de.w0182e3c.kasserver.com\/wp\/?page_id=45"},"modified":"2018-05-24T11:09:20","modified_gmt":"2018-05-24T09:09:20","slug":"datenschutz","status":"publish","type":"page","link":"https:\/\/portfolio-am.de\/wp\/?page_id=45","title":{"rendered":"Datenschutz"},"content":{"rendered":"<p>Durch unsere Website erheben wir keine personenbezogene Daten (z. B. Namen, Anschrift, Telefonnummer oder E-Mail Adresse), es sei denn, dass uns diese freiwillig zur Verf\u00fcgung durch Nutzung des Kontaktes z. B. bei Anfragen oder Bewerbungen gestellt werden oder entsprechenden Rechtsvorschriften \u00fcber den Schutz von Daten dies erlauben. Soweit uns eine Email-Adresse angegeben wird, werden wir per Email kommunizieren. Eine Weitergabe der Email-Adresse erfolgt nicht. Ein Widerruf der Nutzung des Email-Verkehrs ist jederzeit m\u00f6glich.<\/p>\n<p>Wir werden die uns zur Verf\u00fcgung gestellten personenbezogenen Daten nur f\u00fcr die uns angegebenen Zwecke erheben, verarbeiten und nutzen, es sei denn, die Erhebung, Verarbeitung und Nutzung, erfolgt aufgrund rechtlicher Verpflichtung oder beh\u00f6rdlicher oder gerichtlicher Anordnung, zur Begr\u00fcndung oder zum Schutz rechtlicher Anspr\u00fcche oder zur Abwehr von rechtswidrigen Aktivit\u00e4ten.<\/p>\n<p>Personenbezogenen Daten werden wir an Dritte weder verkaufen oder vermarkten noch aus sonstigen Gr\u00fcnden weitergeben. Personenbezogene Daten werden nur solange gespeichert, wie sie ben\u00f6tigt werden, um die Zwecke zu erf\u00fcllen, zu denen diese Daten \u00fcbermittelt wurden, oder solange dies von Gesetzes wegen vorgeschrieben ist.<\/p>\n<p>Die Nutzung unserer Websites wird protokolliert. Hierbei wird die aktuelle IP-Adresse Ihres Rechners, die angew\u00e4hlten Websites, ihr Browsertyp, Datum und Uhrzeit sowie das Betriebssystem Ihres Rechners erfasst. Diese Informationen werden zu keinen weiteren Zwecken verwendet.<\/p>\n<p>Wir werden versuchen alle technischen und organisatorischen Sicherheitsma\u00dfnahmen zu treffen, damit personenbezogenen Daten gegen unbeabsichtigte oder unrechtm\u00e4\u00dfige L\u00f6schung, Ver\u00e4nderung oder Verlust und gegen unberechtigte Weitergabe oder unberechtigte Zugriffe gesch\u00fctzt sind. Alle unsere Mitarbeiter werden entsprechend auf Geheimhaltung und Datenschutz verpflichtet.<\/p>\n<p>Bei Links auf unserer Websites zu externen Unternehmen und sonstigen Dritten sind wir nicht verantwortlich f\u00fcr die Datenschutzanforderungen oder den Inhalt dieser Websites.<\/p>\n<p>Bei Fragen und Anregungen oder Bedenken zu dieser Datenschutzerkl\u00e4rung oder deren Einhaltung k\u00f6nnen Sie sich \u00fcber unsere Email-Adresse\u00a0jn@portfolio-am.de an uns wenden.<\/p>\n","protected":false},"excerpt":{"rendered":"<p>Durch unsere Website erheben wir keine personenbezogene Daten (z. B. Namen, Anschrift, Telefonnummer oder E-Mail Adresse), es sei denn, dass uns diese freiwillig zur Verf\u00fcgung durch Nutzung des Kontaktes z. B. bei Anfragen oder Bewerbungen gestellt werden oder entsprechenden Rechtsvorschriften \u00fcber den Schutz von Daten dies erlauben. Soweit uns eine Email-Adresse angegeben wird, werden wir &hellip; <\/p>\n<p class=\"link-more\"><a href=\"https:\/\/portfolio-am.de\/wp\/?page_id=45\" class=\"more-link\"><span class=\"screen-reader-text\">\u201eDatenschutz\u201c<\/span> weiterlesen<\/a><\/p>\n","protected":false},"author":2,"featured_media":0,"parent":0,"menu_order":0,"comment_status":"closed","ping_status":"closed","template":"","meta":{"footnotes":""},"class_list":["post-45","page","type-page","status-publish","hentry"],"_links":{"self":[{"href":"https:\/\/portfolio-am.de\/wp\/index.php?rest_route=\/wp\/v2\/pages\/45","targetHints":{"allow":["GET"]}}],"collection":[{"href":"https:\/\/portfolio-am.de\/wp\/index.php?rest_route=\/wp\/v2\/pages"}],"about":[{"href":"https:\/\/portfolio-am.de\/wp\/index.php?rest_route=\/wp\/v2\/types\/page"}],"author":[{"embeddable":true,"href":"https:\/\/portfolio-am.de\/wp\/index.php?rest_route=\/wp\/v2\/users\/2"}],"replies":[{"embeddable":true,"href":"https:\/\/portfolio-am.de\/wp\/index.php?rest_route=%2Fwp%2Fv2%2Fcomments&post=45"}],"version-history":[{"count":3,"href":"https:\/\/portfolio-am.de\/wp\/index.php?rest_route=\/wp\/v2\/pages\/45\/revisions"}],"predecessor-version":[{"id":63,"href":"https:\/\/portfolio-am.de\/wp\/index.php?rest_route=\/wp\/v2\/pages\/45\/revisions\/63"}],"wp:attachment":[{"href":"https:\/\/portfolio-am.de\/wp\/index.php?rest_route=%2Fwp%2Fv2%2Fmedia&parent=45"}],"curies":[{"name":"wp","href":"https:\/\/api.w.org\/{rel}","templated":true}]}}